{"id":987498559,"date":"2023-10-13T15:05:43","date_gmt":"2023-10-13T15:05:43","guid":{"rendered":"https:\/\/austevolltann.no\/?page_id=987498559"},"modified":"2024-08-05T09:31:44","modified_gmt":"2024-08-05T09:31:44","slug":"987498559-2","status":"publish","type":"page","link":"https:\/\/austevolltann.no\/","title":{"rendered":"Framside"},"content":{"rendered":"<p>[et_pb_section fb_built=&raquo;1&#8243; admin_label=&raquo;Header&raquo; _builder_version=&raquo;4.21.0&#8243; _module_preset=&raquo;default&raquo; custom_padding=&raquo;0px||0px||true|false&raquo; locked=&raquo;off&raquo; collapsed=&raquo;on&raquo; global_colors_info=&raquo;{}&raquo;][et_pb_row column_structure=&raquo;1_2,1_2&#8243; use_custom_gutter=&raquo;on&raquo; gutter_width=&raquo;1&#8243; make_equal=&raquo;on&raquo; _builder_version=&raquo;4.21.0&#8243; _module_preset=&raquo;default&raquo; background_color=&raquo;#6C3847&#8243; background_enable_pattern_style=&raquo;on&raquo; background_pattern_style=&raquo;honeycomb&raquo; background_pattern_color=&raquo;rgba(255,255,255,0.06)&raquo; width=&raquo;100%&raquo; max_width=&raquo;100%&raquo; custom_padding=&raquo;0px||0px||true|false&raquo; global_colors_info=&raquo;{}&raquo;][et_pb_column type=&raquo;1_2&#8243; _builder_version=&raquo;4.21.0&#8243; _module_preset=&raquo;default&raquo; background_color=&raquo;#6C3847&#8243; custom_padding=&raquo;10%|4%|10%|8%|true|false&raquo; global_colors_info=&raquo;{}&raquo;][et_pb_text _builder_version=&raquo;4.21.0&#8243; _module_preset=&raquo;c16985e1-e0d6-4022-964d-e2bfc04fa633&#8243; text_font=&raquo;Work Sans||||||||&raquo; header_font=&raquo;Work Sans|900|||||||&raquo; header_text_color=&raquo;#FFFFFF&raquo; header_font_size=&raquo;75px&raquo; header_line_height=&raquo;1.1em&raquo; custom_margin=&raquo;||30px||false|false&raquo; header_font_size_tablet=&raquo;40px&raquo; header_font_size_phone=&raquo;24px&raquo; header_font_size_last_edited=&raquo;on|desktop&raquo; global_colors_info=&raquo;{}&raquo;]<\/p>\n<h1 style=\"text-align: center;\">Me er p\u00e5 plass i Storeb\u00f8portalen!<\/h1>\n<p>[\/et_pb_text][et_pb_text disabled_on=&raquo;on|off|off&raquo; _builder_version=&raquo;4.21.0&#8243; _module_preset=&raquo;1f09816e-184e-4ce5-a4cf-b39c52c423ca&raquo; text_font=&raquo;Nanum Gothic||||||||&raquo; text_text_color=&raquo;#FFFFFF&raquo; text_font_size=&raquo;16px&raquo; text_line_height=&raquo;1.8em&raquo; custom_margin=&raquo;||30px||false|false&raquo; text_font_size_tablet=&raquo;15px&raquo; text_font_size_phone=&raquo;14px&raquo; text_font_size_last_edited=&raquo;on|phone&raquo; header_font_size_tablet=&raquo;55px&raquo; header_font_size_last_edited=&raquo;off|desktop&raquo; global_colors_info=&raquo;{}&raquo;]<\/p>\n<p style=\"text-align: justify;\">V\u00e5r nye og moderne klinikk ligg sentralt p\u00e5 Store\u00f8! Me ynskjer eksisterande og nye pasientar velkommen til eit behageleg bes\u00f8k i trygge omgjevnader. Me har ope alle dagar, og v\u00e5rt dyktige tannhelseteam s\u00f8rgjer for at du som pasient er i dei aller beste hender.<\/p>\n<p>[\/et_pb_text][et_pb_text disabled_on=&raquo;off|on|on&raquo; _builder_version=&raquo;4.21.0&#8243; _module_preset=&raquo;1f09816e-184e-4ce5-a4cf-b39c52c423ca&raquo; text_font=&raquo;Nanum Gothic||||||||&raquo; text_text_color=&raquo;#FFFFFF&raquo; text_font_size=&raquo;16px&raquo; text_line_height=&raquo;1.8em&raquo; custom_margin=&raquo;||30px||false|false&raquo; text_font_size_tablet=&raquo;15px&raquo; text_font_size_phone=&raquo;14px&raquo; text_font_size_last_edited=&raquo;on|phone&raquo; header_font_size_tablet=&raquo;55px&raquo; header_font_size_last_edited=&raquo;off|desktop&raquo; global_colors_info=&raquo;{}&raquo;]<\/p>\n<p style=\"text-align: justify;\">V\u00e5r nye og moderne klinikk ligg sentralt p\u00e5 Store\u00f8! <br \/>Me ynskjer eksisterande og nye pasientar velkommen til eit behageleg bes\u00f8k i trygge omgjevnader.<\/p>\n<p style=\"text-align: justify;\">Me har ope alle dagar, og v\u00e5rt dyktige tannhelseteam s\u00f8rgjer for at du som pasient er i dei aller beste hender.<\/p>\n<p>[\/et_pb_text][et_pb_button button_url=&raquo;#skjema&raquo; button_text=&raquo;Bestill time&raquo; disabled_on=&raquo;on|on|off&raquo; _builder_version=&raquo;4.21.0&#8243; _module_preset=&raquo;31b4f027-aaa0-4f2f-ae02-959764e19e4f&raquo; custom_button=&raquo;on&raquo; button_text_size=&raquo;14px&raquo; button_text_color=&raquo;#6C3847&#8243; button_bg_color=&raquo;#FFFFFF&raquo; button_border_width=&raquo;0px&raquo; button_border_radius=&raquo;4px&raquo; button_font=&raquo;Work Sans|900|||||||&raquo; background_layout=&raquo;dark&raquo; custom_margin=&raquo;||-2px|||&raquo; custom_padding=&raquo;16px|24px|16px|24px|true|true&raquo; global_colors_info=&raquo;{}&raquo;][\/et_pb_button][et_pb_button button_url=&raquo;#skjema&raquo; button_text=&raquo;Bestill time&raquo; button_alignment=&raquo;center&raquo; disabled_on=&raquo;on|off|on&raquo; _builder_version=&raquo;4.21.0&#8243; _module_preset=&raquo;31b4f027-aaa0-4f2f-ae02-959764e19e4f&raquo; custom_button=&raquo;on&raquo; button_text_size=&raquo;14px&raquo; button_text_color=&raquo;#6C3847&#8243; button_bg_color=&raquo;#FFFFFF&raquo; button_border_width=&raquo;0px&raquo; button_border_radius=&raquo;4px&raquo; button_font=&raquo;Work Sans|900|||||||&raquo; background_layout=&raquo;dark&raquo; custom_margin=&raquo;||-2px|||&raquo; custom_padding=&raquo;16px|24px|16px|24px|true|true&raquo; animation_style=&raquo;slide&raquo; global_colors_info=&raquo;{}&raquo;][\/et_pb_button][et_pb_button button_url=&raquo;tel:56180707&#8243; button_text=&raquo;Ring oss for time!&raquo; button_alignment=&raquo;center&raquo; disabled_on=&raquo;off|on|on&raquo; _builder_version=&raquo;4.21.0&#8243; _module_preset=&raquo;31b4f027-aaa0-4f2f-ae02-959764e19e4f&raquo; custom_button=&raquo;on&raquo; button_text_size=&raquo;14px&raquo; button_text_color=&raquo;#6C3847&#8243; button_bg_color=&raquo;#FFFFFF&raquo; button_border_width=&raquo;0px&raquo; button_border_radius=&raquo;4px&raquo; button_font=&raquo;Work Sans|900|||||||&raquo; background_layout=&raquo;dark&raquo; custom_margin=&raquo;||-2px|||&raquo; custom_padding=&raquo;16px|24px|16px|24px|true|true&raquo; global_colors_info=&raquo;{}&raquo;][\/et_pb_button][\/et_pb_column][et_pb_column type=&raquo;1_2&#8243; disabled_on=&raquo;on|off|off&raquo; _builder_version=&raquo;4.21.0&#8243; _module_preset=&raquo;default&raquo; background_image=&raquo;https:\/\/austevolltann.no\/wp-content\/uploads\/2023\/10\/7CC367EE-1FF8-4DB3-AE14-FB42D5CE9AE0-scaled.jpeg&raquo; parallax=&raquo;on&raquo; global_colors_info=&raquo;{}&raquo;][et_pb_divider show_divider=&raquo;off&raquo; disabled_on=&raquo;on|off|off&raquo; _builder_version=&raquo;4.21.0&#8243; _module_preset=&raquo;default&raquo; height_tablet=&raquo;40vw&raquo; height_phone=&raquo;40vw&raquo; height_last_edited=&raquo;on|desktop&raquo; global_colors_info=&raquo;{}&raquo;][\/et_pb_divider][et_pb_image src=&raquo;https:\/\/austevolltann.no\/wp-content\/uploads\/2023\/02\/weblogo-austevoll-tann.png&raquo; title_text=&raquo;weblogo-austevoll-tann&raquo; _builder_version=&raquo;4.21.0&#8243; _module_preset=&raquo;default&raquo; positioning=&raquo;absolute&raquo; position_origin_a=&raquo;bottom_right&raquo; vertical_offset=&raquo;20%&raquo; horizontal_offset=&raquo;20%&raquo; width=&raquo;130px&raquo; scroll_vertical_motion_enable=&raquo;on&raquo; global_colors_info=&raquo;{}&raquo;][\/et_pb_image][\/et_pb_column][\/et_pb_row][\/et_pb_section][et_pb_section fb_built=&raquo;1&#8243; admin_label=&raquo;About&raquo; _builder_version=&raquo;4.18.0&#8243; _module_preset=&raquo;default&raquo; custom_padding=&raquo;0px||0px||true|false&raquo; locked=&raquo;off&raquo; collapsed=&raquo;on&raquo; global_colors_info=&raquo;{}&raquo;][et_pb_row column_structure=&raquo;1_2,1_2&#8243; use_custom_gutter=&raquo;on&raquo; gutter_width=&raquo;1&#8243; make_equal=&raquo;on&raquo; _builder_version=&raquo;4.21.0&#8243; _module_preset=&raquo;default&raquo; width=&raquo;100%&raquo; max_width=&raquo;100%&raquo; min_height=&raquo;773.7px&raquo; custom_padding=&raquo;0px||0px||true|false&raquo; global_colors_info=&raquo;{}&raquo;][et_pb_column type=&raquo;1_2&#8243; _builder_version=&raquo;4.21.0&#8243; _module_preset=&raquo;default&raquo; background_image=&raquo;https:\/\/austevolltann.no\/wp-content\/uploads\/2023\/10\/shutterstock_1319827343-scaled.jpg&raquo; background_position=&raquo;top_center&raquo; global_colors_info=&raquo;{}&raquo;][et_pb_divider show_divider=&raquo;off&raquo; _builder_version=&raquo;4.18.0&#8243; _module_preset=&raquo;default&raquo; height_tablet=&raquo;60vw&raquo; height_phone=&raquo;60vw&raquo; height_last_edited=&raquo;on|desktop&raquo; global_colors_info=&raquo;{}&raquo;][\/et_pb_divider][\/et_pb_column][et_pb_column type=&raquo;1_2&#8243; _builder_version=&raquo;4.21.0&#8243; _module_preset=&raquo;default&raquo; custom_padding=&raquo;8%|10%|8%|10%|true|true&raquo; global_colors_info=&raquo;{}&raquo;][et_pb_text module_id=&raquo;skjema&raquo; _builder_version=&raquo;4.21.0&#8243; _module_preset=&raquo;b327cbe4-b1d5-4b66-ad37-40c8f2f061ba&raquo; header_2_font=&raquo;Work Sans|900|||||||&raquo; header_2_text_color=&raquo;#29385A&raquo; header_2_font_size=&raquo;45px&raquo; header_2_line_height=&raquo;1.35em&raquo; custom_margin=&raquo;||30px||false|false&raquo; header_2_font_size_tablet=&raquo;32px&raquo; header_2_font_size_phone=&raquo;20px&raquo; header_2_font_size_last_edited=&raquo;on|desktop&raquo; global_colors_info=&raquo;{}&raquo;]<\/p>\n<h2>Er det lenge sidan du sist s\u00e5g tannlegen?<\/h2>\n<p>[\/et_pb_text][et_pb_text _builder_version=&raquo;4.21.0&#8243; _module_preset=&raquo;1f09816e-184e-4ce5-a4cf-b39c52c423ca&raquo; text_font=&raquo;Nanum Gothic||||||||&raquo; text_font_size=&raquo;16px&raquo; text_line_height=&raquo;1.8em&raquo; custom_margin=&raquo;||30px||false|false&raquo; text_font_size_tablet=&raquo;15px&raquo; text_font_size_phone=&raquo;14px&raquo; text_font_size_last_edited=&raquo;on|phone&raquo; header_font_size_tablet=&raquo;55px&raquo; header_font_size_last_edited=&raquo;off|desktop&raquo; global_colors_info=&raquo;{}&raquo;]<\/p>\n<p>Fyll ut kontaktskjema s\u00e5 finn me ein time til deg. Du er og hjarteleg velkommen til \u00e5 ringja oss dersom det er noko du lurer p\u00e5!<\/p>\n<p>[\/et_pb_text][et_pb_contact_form captcha=&raquo;off&raquo; email=&raquo;post@austevolltann.no&raquo; success_message=&raquo;Takk for at du kontakta oss &#8211; du h\u00f8yrer snart fr\u00e5 oss :)&raquo; submit_button_text=&raquo;Send&raquo; _builder_version=&raquo;4.21.0&#8243; _module_preset=&raquo;default&raquo; _unique_id=&raquo;8132bfd3-f41d-47f1-82b9-c2d98681d99c&raquo; form_field_background_color=&raquo;#29385A&raquo; form_field_text_color=&raquo;#FFFFFF&raquo; form_field_focus_background_color=&raquo;RGBA(255,255,255,0)&raquo; title_font=&raquo;Work Sans|900|||||||&raquo; captcha_font=&raquo;Work Sans||||||||&raquo; captcha_text_color=&raquo;#29385A&raquo; form_field_font=&raquo;Work Sans|900|||||||&raquo; custom_button=&raquo;on&raquo; button_text_color=&raquo;#FFFFFF&raquo; button_bg_color=&raquo;#29385A&raquo; button_border_width=&raquo;2px&raquo; button_border_radius=&raquo;3px&raquo; button_font=&raquo;Work Sans|900|||||||&raquo; button_icon_color=&raquo;#29385A&raquo; custom_margin=&raquo;||5px|||&raquo; custom_padding=&raquo;||1px|||&raquo; hover_enabled=&raquo;0&#8243; border_radii=&raquo;on|2px|2px|2px|2px&raquo; global_colors_info=&raquo;{}&raquo; sticky_enabled=&raquo;0&#8243;][et_pb_contact_field field_id=&raquo;Navn&raquo; field_title=&raquo;Navnet ditt&raquo; _builder_version=&raquo;4.21.0&#8243; global_colors_info=&raquo;{}&raquo; button_text_size__hover_enabled=&raquo;off&raquo; button_one_text_size__hover_enabled=&raquo;off&raquo; button_two_text_size__hover_enabled=&raquo;off&raquo; button_text_color__hover_enabled=&raquo;off&raquo; button_one_text_color__hover_enabled=&raquo;off&raquo; button_two_text_color__hover_enabled=&raquo;off&raquo; button_border_width__hover_enabled=&raquo;off&raquo; button_one_border_width__hover_enabled=&raquo;off&raquo; button_two_border_width__hover_enabled=&raquo;off&raquo; button_border_color__hover_enabled=&raquo;off&raquo; button_one_border_color__hover_enabled=&raquo;off&raquo; button_two_border_color__hover_enabled=&raquo;off&raquo; button_border_radius__hover_enabled=&raquo;off&raquo; button_one_border_radius__hover_enabled=&raquo;off&raquo; button_two_border_radius__hover_enabled=&raquo;off&raquo; button_letter_spacing__hover_enabled=&raquo;off&raquo; button_one_letter_spacing__hover_enabled=&raquo;off&raquo; button_two_letter_spacing__hover_enabled=&raquo;off&raquo; button_bg_color__hover_enabled=&raquo;off&raquo; button_one_bg_color__hover_enabled=&raquo;off&raquo; button_two_bg_color__hover_enabled=&raquo;off&raquo;][\/et_pb_contact_field][et_pb_contact_field _builder_version=&raquo;4.21.0&#8243; _module_preset=&raquo;default&raquo; field_title=&raquo;Ditt mobilnummer&raquo; field_id=&raquo;Mobil&raquo; hover_enabled=&raquo;0&#8243; sticky_enabled=&raquo;0&#8243;][\/et_pb_contact_field][et_pb_contact_field field_id=&raquo;Email&raquo; field_title=&raquo;E-postadressa di&raquo; field_type=&raquo;email&raquo; _builder_version=&raquo;4.21.0&#8243; hover_enabled=&raquo;0&#8243; global_colors_info=&raquo;{}&raquo; button_text_size__hover_enabled=&raquo;off&raquo; button_one_text_size__hover_enabled=&raquo;off&raquo; button_two_text_size__hover_enabled=&raquo;off&raquo; button_text_color__hover_enabled=&raquo;off&raquo; button_one_text_color__hover_enabled=&raquo;off&raquo; button_two_text_color__hover_enabled=&raquo;off&raquo; button_border_width__hover_enabled=&raquo;off&raquo; button_one_border_width__hover_enabled=&raquo;off&raquo; button_two_border_width__hover_enabled=&raquo;off&raquo; button_border_color__hover_enabled=&raquo;off&raquo; button_one_border_color__hover_enabled=&raquo;off&raquo; button_two_border_color__hover_enabled=&raquo;off&raquo; button_border_radius__hover_enabled=&raquo;off&raquo; button_one_border_radius__hover_enabled=&raquo;off&raquo; button_two_border_radius__hover_enabled=&raquo;off&raquo; button_letter_spacing__hover_enabled=&raquo;off&raquo; button_one_letter_spacing__hover_enabled=&raquo;off&raquo; button_two_letter_spacing__hover_enabled=&raquo;off&raquo; button_bg_color__hover_enabled=&raquo;off&raquo; button_one_bg_color__hover_enabled=&raquo;off&raquo; button_two_bg_color__hover_enabled=&raquo;off&raquo; sticky_enabled=&raquo;0&#8243; fullwidth_field=&raquo;on&raquo;][\/et_pb_contact_field][et_pb_contact_field field_id=&raquo;Beskjed&raquo; field_title=&raquo;Din beskjed til oss&raquo; field_type=&raquo;text&raquo; fullwidth_field=&raquo;on&raquo; _builder_version=&raquo;4.21.0&#8243; global_colors_info=&raquo;{}&raquo; button_text_size__hover_enabled=&raquo;off&raquo; button_one_text_size__hover_enabled=&raquo;off&raquo; button_two_text_size__hover_enabled=&raquo;off&raquo; button_text_color__hover_enabled=&raquo;off&raquo; button_one_text_color__hover_enabled=&raquo;off&raquo; button_two_text_color__hover_enabled=&raquo;off&raquo; button_border_width__hover_enabled=&raquo;off&raquo; button_one_border_width__hover_enabled=&raquo;off&raquo; button_two_border_width__hover_enabled=&raquo;off&raquo; button_border_color__hover_enabled=&raquo;off&raquo; button_one_border_color__hover_enabled=&raquo;off&raquo; button_two_border_color__hover_enabled=&raquo;off&raquo; button_border_radius__hover_enabled=&raquo;off&raquo; button_one_border_radius__hover_enabled=&raquo;off&raquo; button_two_border_radius__hover_enabled=&raquo;off&raquo; button_letter_spacing__hover_enabled=&raquo;off&raquo; button_one_letter_spacing__hover_enabled=&raquo;off&raquo; button_two_letter_spacing__hover_enabled=&raquo;off&raquo; button_bg_color__hover_enabled=&raquo;off&raquo; button_one_bg_color__hover_enabled=&raquo;off&raquo; button_two_bg_color__hover_enabled=&raquo;off&raquo;][\/et_pb_contact_field][\/et_pb_contact_form][\/et_pb_column][\/et_pb_row][et_pb_row column_structure=&raquo;1_4,1_4,1_4,1_4&#8243; use_custom_gutter=&raquo;on&raquo; gutter_width=&raquo;1&#8243; make_equal=&raquo;on&raquo; disabled_on=&raquo;on|off|off&raquo; _builder_version=&raquo;4.21.0&#8243; _module_preset=&raquo;default&raquo; width=&raquo;100%&raquo; max_width=&raquo;none&raquo; custom_padding=&raquo;0px||0px||true|false&raquo; global_colors_info=&raquo;{}&raquo;][et_pb_column type=&raquo;1_4&#8243; _builder_version=&raquo;4.21.0&#8243; _module_preset=&raquo;default&raquo; use_background_color_gradient=&raquo;on&raquo; background_color_gradient_stops=&raquo;rgba(0,0,0,0.3) 0%|rgba(0,0,0,0.3) 100%&raquo; background_color_gradient_overlays_image=&raquo;on&raquo; background_image=&raquo;https:\/\/austevolltann.no\/wp-content\/uploads\/2023\/10\/7787BE0C-20F0-4661-BC7D-7FB19391401D-scaled.jpeg&raquo; custom_padding=&raquo;8%|4%|8%|4%|true|true&raquo; link_option_url=&raquo;#&raquo; global_colors_info=&raquo;{}&raquo; background__hover_enabled=&raquo;on|hover&raquo; background_color_gradient_stops__hover=&raquo;rgba(0,0,0,0.3) 0%|rgba(0,0,0,0.8) 100%&raquo; use_background_color_gradient__hover=&raquo;on&raquo;][et_pb_text _builder_version=&raquo;4.21.0&#8243; _module_preset=&raquo;aaa7c440-590a-4078-ae0c-0f3c699ac51c&raquo; text_font=&raquo;Work Sans||||||||&raquo; header_font=&raquo;Work Sans||||||||&raquo; header_3_font=&raquo;Work Sans|900|||||||&raquo; header_3_text_color=&raquo;#FFFFFF&raquo; header_3_font_size=&raquo;25px&raquo; header_3_line_height=&raquo;1.4em&raquo; text_orientation=&raquo;center&raquo; header_3_font_size_tablet=&raquo;20px&raquo; header_3_font_size_phone=&raquo;16px&raquo; header_3_font_size_last_edited=&raquo;on|phone&raquo; global_colors_info=&raquo;{}&raquo;]<\/p>\n<h3>Akutthjelp p\u00e5 dagen<\/h3>\n<p>[\/et_pb_text][\/et_pb_column][et_pb_column type=&raquo;1_4&#8243; _builder_version=&raquo;4.21.0&#8243; _module_preset=&raquo;default&raquo; use_background_color_gradient=&raquo;on&raquo; background_color_gradient_stops=&raquo;rgba(0,0,0,0.3) 0%|rgba(0,0,0,0.3) 100%&raquo; background_color_gradient_overlays_image=&raquo;on&raquo; background_image=&raquo;https:\/\/austevolltann.no\/wp-content\/uploads\/2023\/10\/918C42DD-2265-4112-AA32-A066B308CAE2.jpeg&raquo; custom_padding=&raquo;8%|4%|8%|4%|true|true&raquo; link_option_url=&raquo;#&raquo; global_colors_info=&raquo;{}&raquo; background__hover_enabled=&raquo;on|hover&raquo; background_color_gradient_stops__hover=&raquo;rgba(0,0,0,0.3) 0%|rgba(0,0,0,0.8) 100%&raquo; use_background_color_gradient__hover=&raquo;on&raquo;][et_pb_text _builder_version=&raquo;4.21.0&#8243; _module_preset=&raquo;aaa7c440-590a-4078-ae0c-0f3c699ac51c&raquo; text_font=&raquo;Work Sans||||||||&raquo; header_font=&raquo;Work Sans||||||||&raquo; header_3_font=&raquo;Work Sans|900|||||||&raquo; header_3_text_color=&raquo;#FFFFFF&raquo; header_3_font_size=&raquo;25px&raquo; header_3_line_height=&raquo;1.4em&raquo; text_orientation=&raquo;center&raquo; header_3_font_size_tablet=&raquo;20px&raquo; header_3_font_size_phone=&raquo;16px&raquo; header_3_font_size_last_edited=&raquo;on|phone&raquo; global_colors_info=&raquo;{}&raquo;]<\/p>\n<h3>Refusjon gjennom Helfo<\/h3>\n<p>[\/et_pb_text][\/et_pb_column][et_pb_column type=&raquo;1_4&#8243; _builder_version=&raquo;4.21.0&#8243; _module_preset=&raquo;default&raquo; use_background_color_gradient=&raquo;on&raquo; background_color_gradient_stops=&raquo;rgba(0,0,0,0.3) 0%|rgba(0,0,0,0.3) 100%&raquo; background_color_gradient_overlays_image=&raquo;on&raquo; background_image=&raquo;https:\/\/austevolltann.no\/wp-content\/uploads\/2023\/10\/CEB1ABE3-374D-450D-B1EB-50C60434DADB-scaled.jpeg&raquo; custom_padding=&raquo;8%|4%|8%|4%|true|true&raquo; link_option_url=&raquo;#&raquo; global_colors_info=&raquo;{}&raquo; background__hover_enabled=&raquo;on|hover&raquo; background_color_gradient_stops__hover=&raquo;rgba(0,0,0,0.3) 0%|rgba(0,0,0,0.8) 100%&raquo; use_background_color_gradient__hover=&raquo;on&raquo;][et_pb_text _builder_version=&raquo;4.21.0&#8243; _module_preset=&raquo;aaa7c440-590a-4078-ae0c-0f3c699ac51c&raquo; text_font=&raquo;Work Sans||||||||&raquo; header_font=&raquo;Work Sans||||||||&raquo; header_3_font=&raquo;Work Sans|900|||||||&raquo; header_3_text_color=&raquo;#FFFFFF&raquo; header_3_font_size=&raquo;25px&raquo; header_3_line_height=&raquo;1.4em&raquo; text_orientation=&raquo;center&raquo; header_3_font_size_tablet=&raquo;20px&raquo; header_3_font_size_phone=&raquo;16px&raquo; header_3_font_size_last_edited=&raquo;on|phone&raquo; global_colors_info=&raquo;{}&raquo;]<\/p>\n<h3>Moderne fasilitetar<\/h3>\n<p>[\/et_pb_text][\/et_pb_column][et_pb_column type=&raquo;1_4&#8243; _builder_version=&raquo;4.21.0&#8243; _module_preset=&raquo;default&raquo; use_background_color_gradient=&raquo;on&raquo; background_color_gradient_stops=&raquo;rgba(0,0,0,0.3) 0%|rgba(0,0,0,0.3) 100%&raquo; background_color_gradient_overlays_image=&raquo;on&raquo; background_image=&raquo;https:\/\/austevolltann.no\/wp-content\/uploads\/2023\/10\/60A80591-7B13-4153-83B7-922B0DD664F3-scaled.jpeg&raquo; custom_padding=&raquo;8%|4%|8%|4%|true|true&raquo; link_option_url=&raquo;#&raquo; global_colors_info=&raquo;{}&raquo; background__hover_enabled=&raquo;on|hover&raquo; background_color_gradient_stops__hover=&raquo;rgba(0,0,0,0.3) 0%|rgba(0,0,0,0.8) 100%&raquo; use_background_color_gradient__hover=&raquo;on&raquo;][et_pb_text _builder_version=&raquo;4.21.0&#8243; _module_preset=&raquo;aaa7c440-590a-4078-ae0c-0f3c699ac51c&raquo; text_font=&raquo;Work Sans||||||||&raquo; header_font=&raquo;Work Sans||||||||&raquo; header_3_font=&raquo;Work Sans|900|||||||&raquo; header_3_text_color=&raquo;#FFFFFF&raquo; header_3_font_size=&raquo;25px&raquo; header_3_line_height=&raquo;1.4em&raquo; text_orientation=&raquo;center&raquo; header_3_font_size_tablet=&raquo;20px&raquo; header_3_font_size_phone=&raquo;16px&raquo; header_3_font_size_last_edited=&raquo;on|phone&raquo; global_colors_info=&raquo;{}&raquo;]<\/p>\n<h3>Trygg tannbehandling<\/h3>\n<p>[\/et_pb_text][\/et_pb_column][\/et_pb_row][\/et_pb_section]<\/p>\n","protected":false},"excerpt":{"rendered":"<p>Me er p\u00e5 plass i Storeb\u00f8portalen!V\u00e5r nye og moderne klinikk ligg sentralt p\u00e5 Store\u00f8! Me ynskjer eksisterande og nye pasientar velkommen til eit behageleg bes\u00f8k i trygge omgjevnader. Me har ope alle dagar, og v\u00e5rt dyktige tannhelseteam s\u00f8rgjer for at du som pasient er i dei aller beste hender.V\u00e5r nye og moderne klinikk ligg sentralt [&hellip;]<\/p>\n","protected":false},"author":2,"featured_media":0,"parent":0,"menu_order":0,"comment_status":"closed","ping_status":"closed","template":"","meta":{"_et_pb_use_builder":"on","_et_pb_old_content":"","_et_gb_content_width":"","footnotes":""},"class_list":["post-987498559","page","type-page","status-publish","hentry"],"featured_image_src":null,"featured_image_src_square":null,"_links":{"self":[{"href":"https:\/\/austevolltann.no\/index.php?rest_route=\/wp\/v2\/pages\/987498559","targetHints":{"allow":["GET"]}}],"collection":[{"href":"https:\/\/austevolltann.no\/index.php?rest_route=\/wp\/v2\/pages"}],"about":[{"href":"https:\/\/austevolltann.no\/index.php?rest_route=\/wp\/v2\/types\/page"}],"author":[{"embeddable":true,"href":"https:\/\/austevolltann.no\/index.php?rest_route=\/wp\/v2\/users\/2"}],"replies":[{"embeddable":true,"href":"https:\/\/austevolltann.no\/index.php?rest_route=%2Fwp%2Fv2%2Fcomments&post=987498559"}],"version-history":[{"count":0,"href":"https:\/\/austevolltann.no\/index.php?rest_route=\/wp\/v2\/pages\/987498559\/revisions"}],"wp:attachment":[{"href":"https:\/\/austevolltann.no\/index.php?rest_route=%2Fwp%2Fv2%2Fmedia&parent=987498559"}],"curies":[{"name":"wp","href":"https:\/\/api.w.org\/{rel}","templated":true}]}}